{"id":25896,"date":"2021-09-24T09:02:15","date_gmt":"2021-09-24T07:02:15","guid":{"rendered":"https:\/\/tpm.nu\/?page_id=25896"},"modified":"2021-09-28T14:39:17","modified_gmt":"2021-09-28T12:39:17","slug":"news-history","status":"publish","type":"page","link":"https:\/\/tpm.nu\/en\/news-history\/","title":{"rendered":"History &#8211; News"},"content":{"rendered":"<p>[et_pb_section fb_built=&#8221;1&#8243; admin_label=&#8221;Shop Section&#8221; module_id=&#8221;senastenyheterna&#8221; _builder_version=&#8221;4.10.7&#8243; background_enable_color=&#8221;off&#8221; background_image=&#8221;https:\/\/tpm.nu\/wp-content\/uploads\/2021\/09\/blujpg.jpg&#8221; custom_padding=&#8221;90px||90px|&#8221; global_colors_info=&#8221;{}&#8221;][et_pb_row column_structure=&#8221;1_2,1_2&#8243; admin_label=&#8221;Shop Title Area&#8221; _builder_version=&#8221;4.10.7&#8243; custom_padding=&#8221;||40px||false|false&#8221; global_colors_info=&#8221;{}&#8221;][et_pb_column type=&#8221;1_2&#8243; _builder_version=&#8221;3.25&#8243; custom_padding=&#8221;|||&#8221; global_colors_info=&#8221;{}&#8221; custom_padding__hover=&#8221;|||&#8221;][et_pb_text admin_label=&#8221;Title&#8221; _builder_version=&#8221;4.10.7&#8243; text_font=&#8221;||||||||&#8221; header_font=&#8221;||||||||&#8221; header_2_font=&#8221;Poppins|600|||||||&#8221; header_2_text_color=&#8221;#FFFFFF&#8221; header_2_font_size=&#8221;40px&#8221; header_2_line_height=&#8221;1.2em&#8221; text_orientation=&#8221;center&#8221; max_width=&#8221;550px&#8221; module_alignment=&#8221;left&#8221; custom_margin=&#8221;||0px|&#8221; animation_style=&#8221;fade&#8221; header_2_font_size_tablet=&#8221;&#8221; header_2_font_size_phone=&#8221;70px&#8221; header_2_font_size_last_edited=&#8221;on|phone&#8221; locked=&#8221;off&#8221; global_colors_info=&#8221;{}&#8221;]<\/p>\n<h2 style=\"text-align: left;\">News &#8211; History<\/h2>\n<p>[\/et_pb_text][et_pb_divider color=&#8221;#FFFFFF&#8221; divider_position=&#8221;center&#8221; divider_weight=&#8221;3px&#8221; _builder_version=&#8221;4.10.7&#8243; max_width=&#8221;50px&#8221; module_alignment=&#8221;left&#8221; animation_style=&#8221;slide&#8221; animation_direction=&#8221;top&#8221; animation_intensity_slide=&#8221;10%&#8221; animation_starting_opacity=&#8221;100%&#8221; locked=&#8221;off&#8221; global_colors_info=&#8221;{}&#8221;][\/et_pb_divider][\/et_pb_column][et_pb_column type=&#8221;1_2&#8243; _builder_version=&#8221;4.10.7&#8243; custom_padding=&#8221;40px||||false|false&#8221; global_colors_info=&#8221;{}&#8221; custom_padding__hover=&#8221;|||&#8221;][\/et_pb_column][\/et_pb_row][et_pb_row column_structure=&#8221;1_3,1_3,1_3&#8243; _builder_version=&#8221;4.10.7&#8243; _module_preset=&#8221;default&#8221; global_colors_info=&#8221;{}&#8221;][et_pb_column type=&#8221;1_3&#8243; _builder_version=&#8221;4.10.7&#8243; _module_preset=&#8221;default&#8221; global_colors_info=&#8221;{}&#8221;][et_pb_accordion icon_color=&#8221;#1884cd&#8221; _builder_version=&#8221;4.10.7&#8243; _module_preset=&#8221;default&#8221; toggle_font_size=&#8221;14px&#8221; custom_margin=&#8221;||||true|false&#8221; global_colors_info=&#8221;{}&#8221;][et_pb_accordion_item title=&#8221;2016-04-14&#8243; open=&#8221;on&#8221; _builder_version=&#8221;4.10.7&#8243; _module_preset=&#8221;default&#8221; global_colors_info=&#8221;{}&#8221;]<\/p>\n<p><span>We wish to welcome you to <\/span><span>TPM&#8217;s <\/span><span>brand new website! Here we will present our latest news, so keep a lookout for new great orders, company developments or other large events! Please feel free to visit our <\/span><span>Services<\/span><span> and see for yourself what we might offer, and if you would like to learn more about our company you may find it beneath <\/span><span>This is TPM<\/span><span>.<\/span><\/p>\n<p>[\/et_pb_accordion_item][et_pb_accordion_item title=&#8221;2016-05-05&#8243; _builder_version=&#8221;4.10.7&#8243; _module_preset=&#8221;default&#8221; global_colors_info=&#8221;{}&#8221; open=&#8221;off&#8221;]<\/p>\n<p><span>TPM <\/span><span>would like to advertise of our new cooperation with <\/span><span>Redeko<\/span><span> in G\u00e4vle. We feel very satisfied working with an accounting firm with expertise in their\u00a0field. Our close work with the Office Manager <\/span><span>Gunilla Noreng<\/span><span> in particular has simplified our everyday view at our economic aspects and each day we see new possibilities. Link to <\/span><span>Redeko<\/span><span> can be found <\/span><a href=\"http:\/\/www.redeko.net\/\" data-track-event=\"click\" data-track-action=\"link_clicked\">here<\/a><span>!<\/span><\/p>\n<p>[\/et_pb_accordion_item][et_pb_accordion_item title=&#8221;2016-05-05&#8243; _builder_version=&#8221;4.10.7&#8243; _module_preset=&#8221;default&#8221; global_colors_info=&#8221;{}&#8221; open=&#8221;off&#8221;]<\/p>\n<p><span>Now that the summer has finally arrived, it may be fun for You locals in G\u00e4vle to know that <\/span><span>TPM <\/span><span>will take up the continuation of the fa\u00e7ade treatment of <\/span><span>Valbo K\u00f6pcentrum<\/span><span> by subcontracting for <\/span><span>Mej Bygg AB<\/span><span>! The gray-shifting shade that we covered parts of the mall in the summer of 2015 will connect with the remaining fa\u00e7ade areas, but the stores that wait to be built inside in the new wing of the mall will as well be treated by <\/span><span>TPM<\/span><span>!<\/span><\/p>\n<p>[\/et_pb_accordion_item][et_pb_accordion_item title=&#8221;2016-06-20&#8243; _builder_version=&#8221;4.10.7&#8243; _module_preset=&#8221;default&#8221; global_colors_info=&#8221;{}&#8221; open=&#8221;off&#8221;]<\/p>\n<p><span>The summer is in full swing as well as our team that maintains the costumer tanks for <\/span><span>AGA Gas<\/span><span> and <\/span><span>Air Liquide<\/span><span> around the country! Our collaboration with these two great corporates gives us the opportunity to treat the exterior of over 200 tanks this year alone in both Sweden and Norway. The process for maintaining the tanks has been simplified considerably since <\/span><span>TPM <\/span><span>invested in their very own two sky lifts with a reachable height of 18 meters!<\/span><\/p>\n<p>[\/et_pb_accordion_item][\/et_pb_accordion][\/et_pb_column][et_pb_column type=&#8221;1_3&#8243; _builder_version=&#8221;4.10.7&#8243; _module_preset=&#8221;default&#8221; global_colors_info=&#8221;{}&#8221;][et_pb_accordion icon_color=&#8221;#1884cd&#8221; _builder_version=&#8221;4.10.7&#8243; _module_preset=&#8221;default&#8221; toggle_font_size=&#8221;14px&#8221; custom_margin=&#8221;||||true|false&#8221; global_colors_info=&#8221;{}&#8221;][et_pb_accordion_item title=&#8221;2016-06-20&#8243; open=&#8221;on&#8221; _builder_version=&#8221;4.10.7&#8243; _module_preset=&#8221;default&#8221; global_colors_info=&#8221;{}&#8221;]<\/p>\n<p><span>The summer is in full swing as well as our team that maintains the costumer tanks for <\/span><span>AGA Gas<\/span><span> and <\/span><span>Air Liquide<\/span><span> around the country! Our collaboration with these two great corporates gives us the opportunity to treat the exterior of over 200 tanks this year alone in both Sweden and Norway. The process for maintaining the tanks has been simplified considerably since <\/span><span>TPM <\/span><span>invested in their very own two sky lifts with a reachable height of 18 meters!<\/span><\/p>\n<p>[\/et_pb_accordion_item][et_pb_accordion_item title=&#8221;2016-09-14&#8243; _builder_version=&#8221;4.10.7&#8243; _module_preset=&#8221;default&#8221; global_colors_info=&#8221;{}&#8221; open=&#8221;off&#8221;]<\/p>\n<p><span>This autumn, we have been assisting <\/span><span>Triennium <\/span><span>Fastighetsentreprenad AB<\/span><span> for what concerns refreshing a number of playgrounds spread across the town of G\u00e4vle. The work concerns scraping and general painting of fences, swings, slides and more. So when you see your kids playing in the climbing frames, it might very well have been <\/span><span>TPM&#8217;s<\/span><span>work with the paintbrush! Link to <\/span><span>Triennium <\/span><span>can be found <\/span><a href=\"http:\/\/www.triennium.se\/\" target=\"_blank\" rel=\"noopener\" data-track-event=\"click\" data-track-action=\"link_clicked\">here<\/a><span>!<\/span><\/p>\n<p>[\/et_pb_accordion_item][et_pb_accordion_item title=&#8221;2016-09-14&#8243; _builder_version=&#8221;4.10.7&#8243; _module_preset=&#8221;default&#8221; global_colors_info=&#8221;{}&#8221; open=&#8221;off&#8221;]<\/p>\n<p><span>Yet another major maintenance work has been ordered from <\/span><span>AGA Gas AB <\/span><span>and is in full motion in Sandviken. Their facility called <\/span><span>Kolonnen <\/span><span>and its 45 meter high cooling tower has been in need of mainly grit blasting and protective coating. The tower is considered to be completed in all its splendor and glory later this autumn. <\/span><span>TPM <\/span><span>have collected experience from about 3 decades of similar treating assignments previously rendered to <\/span><span>AGA<\/span><span>, among many, in Avesta, Stenungsund and Lule\u00e5.<\/span><\/p>\n<p>[\/et_pb_accordion_item][\/et_pb_accordion][\/et_pb_column][et_pb_column type=&#8221;1_3&#8243; _builder_version=&#8221;4.10.7&#8243; _module_preset=&#8221;default&#8221; global_colors_info=&#8221;{}&#8221;][et_pb_accordion icon_color=&#8221;#1884cd&#8221; _builder_version=&#8221;4.10.7&#8243; _module_preset=&#8221;default&#8221; toggle_font_size=&#8221;14px&#8221; custom_margin=&#8221;||||true|false&#8221; global_colors_info=&#8221;{}&#8221;][et_pb_accordion_item title=&#8221;2016-11-08&#8243; open=&#8221;on&#8221; _builder_version=&#8221;4.10.7&#8243; _module_preset=&#8221;default&#8221; global_colors_info=&#8221;{}&#8221;]<\/p>\n<p><span>TPM<\/span><span> and <\/span><span>AGA Gas<\/span><span> has now signed a 3-year contract which refers to managing maintenance painting of production units in the entire North, together with the regions in the Baltics! During the last 16 years, <\/span><span>TPM<\/span><span> has operated the general maintenance painting of <\/span><span>AGA\u2019s<\/span><span>costumer tanks in all of both Norway and Sweden. Hopefully, this newfound partnership can continue and generate even more opportunity for growth in the future!<\/span><\/p>\n<p>[\/et_pb_accordion_item][et_pb_accordion_item title=&#8221;2016-01-04&#8243; _builder_version=&#8221;4.10.7&#8243; _module_preset=&#8221;default&#8221; global_colors_info=&#8221;{}&#8221; open=&#8221;off&#8221;]<\/p>\n<div id=\"r3355\" class=\"row \">\n<div class=\"container container-fixed \">\n<div id=\"c3970\" class=\"col col-lg-6 col-md-6 col-sm-12\">\n<div id=\"m1262\" class=\"module text\">\n<p><span>We welcome the New Year 2017 along with our new client for a local project! The procurements are now completed for the<\/span><br \/><span>renovation of <\/span><span>Staffanskyrkan<\/span><span> in G\u00e4vle, and <\/span><span>TPM<\/span><span> can proudly present that <\/span><span>Winther Bygg AB<\/span><span> have appointed us to operate the painting construction that will take off this spring. Window work and gold plating together with the general painting treatment of the church will be conducted through <\/span><span>TPM<\/span><span>. Link to <\/span><span>Winther Bygg AB<\/span><span>can be found <\/span><a href=\"http:\/\/www.wintherbygg.se\/\" target=\"_blank\" rel=\"noopener\" data-track-event=\"click\" data-track-action=\"link_clicked\">here<\/a><span>!<\/span><\/p>\n<\/div>\n<\/div>\n<\/div>\n<\/div>\n<p>[\/et_pb_accordion_item][et_pb_accordion_item title=&#8221;2016-12-21&#8243; _builder_version=&#8221;4.10.7&#8243; _module_preset=&#8221;default&#8221; global_colors_info=&#8221;{}&#8221; open=&#8221;off&#8221;]<\/p>\n<p><span data-redactor-=\"\">PM<\/span><span> has long worked toward a standard equal to ISO 9001- and 14001:2015 for quality processing and environmental management. We are therefore thrilled to announce that on the 13\/12-2016 <\/span><span>Sveriges Tekniska Forskningsinstitut<\/span><span> acknowledged <\/span><span>TPM:s<\/span><span> ownership of the two certificates above. So far, this is the most comprehensive improvement in the organization\u2019s history, and with the assist of our consults from <\/span><span>DMk Milj\u00f6- kvalitetskonsult AB<\/span><span> we will continue to develop and maintain a worthy TPM-standard!<\/span><\/p>\n<p>[\/et_pb_accordion_item][\/et_pb_accordion][\/et_pb_column][\/et_pb_row][\/et_pb_section][et_pb_section fb_built=&#8221;1&#8243; admin_label=&#8221;Footer Section&#8221; _builder_version=&#8221;4.10.7&#8243; background_color=&#8221;#1e1d1c&#8221; background_image=&#8221;https:\/\/tpm.nu\/wp-content\/uploads\/2021\/09\/headerback-2.png&#8221; custom_padding=&#8221;90px||90px|&#8221; global_module=&#8221;25964&#8243; saved_tabs=&#8221;all&#8221; locked=&#8221;off&#8221; global_colors_info=&#8221;{}&#8221;][et_pb_row column_structure=&#8221;1_4,1_4,1_4,1_4&#8243; admin_label=&#8221;Footer Area&#8221; _builder_version=&#8221;3.25&#8243; global_colors_info=&#8221;{}&#8221;][et_pb_column type=&#8221;1_4&#8243; _builder_version=&#8221;3.25&#8243; custom_padding=&#8221;|||&#8221; global_colors_info=&#8221;{}&#8221; custom_padding__hover=&#8221;|||&#8221;][et_pb_text ul_type=&#8221;none&#8221; admin_label=&#8221;Title&#8221; _builder_version=&#8221;4.10.7&#8243; text_font=&#8221;Poppins||||||||&#8221; text_text_color=&#8221;#FFFFFF&#8221; text_line_height=&#8221;1.8em&#8221; ul_font=&#8221;Poppins||||||||&#8221; ul_text_align=&#8221;center&#8221; header_font=&#8221;||||||||&#8221; header_2_font=&#8221;Poppins||||||||&#8221; header_2_text_align=&#8221;center&#8221; header_2_font_size=&#8221;24px&#8221; header_2_line_height=&#8221;1.4em&#8221; text_orientation=&#8221;center&#8221; background_layout=&#8221;dark&#8221; custom_margin=&#8221;||15px|&#8221; custom_padding=&#8221;|||&#8221; animation_style=&#8221;fade&#8221; global_colors_info=&#8221;{}&#8221;]<\/p>\n<p style=\"text-align: left;\">TPM Industrim\u00e5lning AB<br \/>Utmarksv\u00e4gen 25<br \/>802 91 G\u00c4VLE<\/p>\n<p>[\/et_pb_text][\/et_pb_column][et_pb_column type=&#8221;1_4&#8243; _builder_version=&#8221;3.25&#8243; custom_padding=&#8221;|||&#8221; global_colors_info=&#8221;{}&#8221; custom_padding__hover=&#8221;|||&#8221;][et_pb_text ul_type=&#8221;none&#8221; admin_label=&#8221;Title&#8221; _builder_version=&#8221;4.10.7&#8243; text_font=&#8221;Poppins||||||||&#8221; text_text_color=&#8221;rgba(255,255,255,0.7)&#8221; text_line_height=&#8221;1.5em&#8221; link_text_color=&#8221;#04e0e0&#8243; ul_font=&#8221;Poppins||||||||&#8221; ul_text_align=&#8221;center&#8221; header_font=&#8221;||||||||&#8221; header_2_font=&#8221;Poppins||||||||&#8221; header_2_text_align=&#8221;center&#8221; header_2_font_size=&#8221;24px&#8221; header_2_line_height=&#8221;1.4em&#8221; text_orientation=&#8221;center&#8221; background_layout=&#8221;dark&#8221; custom_margin=&#8221;||15px|&#8221; custom_padding=&#8221;|||&#8221; animation_style=&#8221;fade&#8221; global_colors_info=&#8221;{}&#8221;]<\/p>\n<h2 style=\"text-align: left;\">Phone us<\/h2>\n<p style=\"text-align: left;\"><a href=\"tel:4626541050\">+4626 &#8211; 54 10 50<\/a><\/p>\n<p>[\/et_pb_text][\/et_pb_column][et_pb_column type=&#8221;1_4&#8243; _builder_version=&#8221;4.10.7&#8243; _module_preset=&#8221;default&#8221; global_colors_info=&#8221;{}&#8221;][et_pb_text ul_type=&#8221;none&#8221; admin_label=&#8221;Title&#8221; _builder_version=&#8221;4.10.7&#8243; text_font=&#8221;Poppins||||||||&#8221; text_text_color=&#8221;rgba(255,255,255,0.7)&#8221; text_line_height=&#8221;1.8em&#8221; link_text_color=&#8221;#04E0E0&#8243; ul_font=&#8221;Poppins||||||||&#8221; ul_text_align=&#8221;center&#8221; header_font=&#8221;||||||||&#8221; header_2_font=&#8221;Poppins||||||||&#8221; header_2_text_align=&#8221;center&#8221; header_2_font_size=&#8221;24px&#8221; header_2_line_height=&#8221;1.4em&#8221; text_orientation=&#8221;center&#8221; background_layout=&#8221;dark&#8221; custom_margin=&#8221;||15px|&#8221; custom_padding=&#8221;|||&#8221; animation_style=&#8221;fade&#8221; global_colors_info=&#8221;{}&#8221;]<\/p>\n<h2 style=\"text-align: left;\">Write to us<\/h2>\n<p style=\"text-align: left;\"><a href=\"mailto:kontakt@tpm.nu\" data-track-event=\"click\" data-track-action=\"email_link\">kontakt@tpm.nu<\/a><\/p>\n<p>[\/et_pb_text][\/et_pb_column][et_pb_column type=&#8221;1_4&#8243; _builder_version=&#8221;4.10.7&#8243; _module_preset=&#8221;default&#8221; global_colors_info=&#8221;{}&#8221;][et_pb_image src=&#8221;https:\/\/tpm.nu\/wp-content\/uploads\/2021\/09\/tpm_logo_w.jpg&#8221; url=&#8221;\/en\/&#8221; align=&#8221;center&#8221; _builder_version=&#8221;4.10.7&#8243; _module_preset=&#8221;default&#8221; width=&#8221;100%&#8221; animation_style=&#8221;flip&#8221; box_shadow_style=&#8221;preset3&#8243; global_colors_info=&#8221;{}&#8221;][\/et_pb_image][\/et_pb_column][\/et_pb_row][\/et_pb_section]<\/p>\n","protected":false},"excerpt":{"rendered":"<p>News &#8211; HistoryWe wish to welcome you to TPM&#8217;s brand new website! Here we will present our latest news, so keep a lookout for new great orders, company developments or other large events! Please feel free to visit our Services and see for yourself what we might offer, and if you would like to learn [&hellip;]<\/p>\n","protected":false},"author":2,"featured_media":0,"parent":0,"menu_order":0,"comment_status":"closed","ping_status":"closed","template":"","meta":{"_et_pb_use_builder":"on","_et_pb_old_content":"","_et_gb_content_width":""},"yoast_head":"<!-- This site is optimized with the Yoast SEO plugin v20.6 - https:\/\/yoast.com\/wordpress\/plugins\/seo\/ -->\n<title>History | TPM Industrim\u00e5lning AB<\/title>\n<meta name=\"description\" content=\"We look after customers\u2019 wishes and offer complete solutions in industrial painting in G\u00e4vle, S\u00f6dert\u00e4lje, Eskilstuna, \u00d6rebro and V\u00e4ster\u00e5s.\" \/>\n<meta name=\"robots\" content=\"index, follow, max-snippet:-1, max-image-preview:large, max-video-preview:-1\" \/>\n<link rel=\"canonical\" href=\"https:\/\/tpm.nu\/en\/news-history\/\" \/>\n<meta property=\"og:locale\" content=\"en_US\" \/>\n<meta property=\"og:type\" content=\"article\" \/>\n<meta property=\"og:title\" content=\"History | TPM Industrim\u00e5lning AB\" \/>\n<meta property=\"og:description\" content=\"We look after customers\u2019 wishes and offer complete solutions in industrial painting in G\u00e4vle, S\u00f6dert\u00e4lje, Eskilstuna, \u00d6rebro and V\u00e4ster\u00e5s.\" \/>\n<meta property=\"og:url\" content=\"https:\/\/tpm.nu\/en\/news-history\/\" \/>\n<meta property=\"og:site_name\" content=\"TPM Industrim\u00e5lning AB\" \/>\n<meta property=\"article:modified_time\" content=\"2021-09-28T12:39:17+00:00\" \/>\n<meta name=\"twitter:card\" content=\"summary_large_image\" \/>\n<meta name=\"twitter:label1\" content=\"Est. reading time\" \/>\n\t<meta name=\"twitter:data1\" content=\"8 minutes\" \/>\n<script type=\"application\/ld+json\" class=\"yoast-schema-graph\">{\"@context\":\"https:\/\/schema.org\",\"@graph\":[{\"@type\":\"WebPage\",\"@id\":\"https:\/\/tpm.nu\/en\/news-history\/\",\"url\":\"https:\/\/tpm.nu\/en\/news-history\/\",\"name\":\"History | TPM Industrim\u00e5lning AB\",\"isPartOf\":{\"@id\":\"https:\/\/tpm.nu\/#website\"},\"datePublished\":\"2021-09-24T07:02:15+00:00\",\"dateModified\":\"2021-09-28T12:39:17+00:00\",\"description\":\"We look after customers\u2019 wishes and offer complete solutions in industrial painting in G\u00e4vle, S\u00f6dert\u00e4lje, Eskilstuna, \u00d6rebro and V\u00e4ster\u00e5s.\",\"breadcrumb\":{\"@id\":\"https:\/\/tpm.nu\/en\/news-history\/#breadcrumb\"},\"inLanguage\":\"en-US\",\"potentialAction\":[{\"@type\":\"ReadAction\",\"target\":[\"https:\/\/tpm.nu\/en\/news-history\/\"]}]},{\"@type\":\"BreadcrumbList\",\"@id\":\"https:\/\/tpm.nu\/en\/news-history\/#breadcrumb\",\"itemListElement\":[{\"@type\":\"ListItem\",\"position\":1,\"name\":\"Home\",\"item\":\"https:\/\/tpm.nu\/en\/\"},{\"@type\":\"ListItem\",\"position\":2,\"name\":\"History &#8211; News\"}]},{\"@type\":\"WebSite\",\"@id\":\"https:\/\/tpm.nu\/#website\",\"url\":\"https:\/\/tpm.nu\/\",\"name\":\"TPM Industrim\u00e5lning AB\",\"description\":\"Din industripartner\",\"potentialAction\":[{\"@type\":\"SearchAction\",\"target\":{\"@type\":\"EntryPoint\",\"urlTemplate\":\"https:\/\/tpm.nu\/?s={search_term_string}\"},\"query-input\":\"required name=search_term_string\"}],\"inLanguage\":\"en-US\"}]}<\/script>\n<!-- \/ Yoast SEO plugin. -->","yoast_head_json":{"title":"History | TPM Industrim\u00e5lning AB","description":"We look after customers\u2019 wishes and offer complete solutions in industrial painting in G\u00e4vle, S\u00f6dert\u00e4lje, Eskilstuna, \u00d6rebro and V\u00e4ster\u00e5s.","robots":{"index":"index","follow":"follow","max-snippet":"max-snippet:-1","max-image-preview":"max-image-preview:large","max-video-preview":"max-video-preview:-1"},"canonical":"https:\/\/tpm.nu\/en\/news-history\/","og_locale":"en_US","og_type":"article","og_title":"History | TPM Industrim\u00e5lning AB","og_description":"We look after customers\u2019 wishes and offer complete solutions in industrial painting in G\u00e4vle, S\u00f6dert\u00e4lje, Eskilstuna, \u00d6rebro and V\u00e4ster\u00e5s.","og_url":"https:\/\/tpm.nu\/en\/news-history\/","og_site_name":"TPM Industrim\u00e5lning AB","article_modified_time":"2021-09-28T12:39:17+00:00","twitter_card":"summary_large_image","twitter_misc":{"Est. reading time":"8 minutes"},"schema":{"@context":"https:\/\/schema.org","@graph":[{"@type":"WebPage","@id":"https:\/\/tpm.nu\/en\/news-history\/","url":"https:\/\/tpm.nu\/en\/news-history\/","name":"History | TPM Industrim\u00e5lning AB","isPartOf":{"@id":"https:\/\/tpm.nu\/#website"},"datePublished":"2021-09-24T07:02:15+00:00","dateModified":"2021-09-28T12:39:17+00:00","description":"We look after customers\u2019 wishes and offer complete solutions in industrial painting in G\u00e4vle, S\u00f6dert\u00e4lje, Eskilstuna, \u00d6rebro and V\u00e4ster\u00e5s.","breadcrumb":{"@id":"https:\/\/tpm.nu\/en\/news-history\/#breadcrumb"},"inLanguage":"en-US","potentialAction":[{"@type":"ReadAction","target":["https:\/\/tpm.nu\/en\/news-history\/"]}]},{"@type":"BreadcrumbList","@id":"https:\/\/tpm.nu\/en\/news-history\/#breadcrumb","itemListElement":[{"@type":"ListItem","position":1,"name":"Home","item":"https:\/\/tpm.nu\/en\/"},{"@type":"ListItem","position":2,"name":"History &#8211; News"}]},{"@type":"WebSite","@id":"https:\/\/tpm.nu\/#website","url":"https:\/\/tpm.nu\/","name":"TPM Industrim\u00e5lning AB","description":"Din industripartner","potentialAction":[{"@type":"SearchAction","target":{"@type":"EntryPoint","urlTemplate":"https:\/\/tpm.nu\/?s={search_term_string}"},"query-input":"required name=search_term_string"}],"inLanguage":"en-US"}]}},"_links":{"self":[{"href":"https:\/\/tpm.nu\/en\/wp-json\/wp\/v2\/pages\/25896"}],"collection":[{"href":"https:\/\/tpm.nu\/en\/wp-json\/wp\/v2\/pages"}],"about":[{"href":"https:\/\/tpm.nu\/en\/wp-json\/wp\/v2\/types\/page"}],"author":[{"embeddable":true,"href":"https:\/\/tpm.nu\/en\/wp-json\/wp\/v2\/users\/2"}],"replies":[{"embeddable":true,"href":"https:\/\/tpm.nu\/en\/wp-json\/wp\/v2\/comments?post=25896"}],"version-history":[{"count":10,"href":"https:\/\/tpm.nu\/en\/wp-json\/wp\/v2\/pages\/25896\/revisions"}],"predecessor-version":[{"id":26146,"href":"https:\/\/tpm.nu\/en\/wp-json\/wp\/v2\/pages\/25896\/revisions\/26146"}],"wp:attachment":[{"href":"https:\/\/tpm.nu\/en\/wp-json\/wp\/v2\/media?parent=25896"}],"curies":[{"name":"wp","href":"https:\/\/api.w.org\/{rel}","templated":true}]}}