{"id":25991,"date":"2021-09-16T13:25:37","date_gmt":"2021-09-16T11:25:37","guid":{"rendered":"https:\/\/tpm.nu\/?page_id=25991"},"modified":"2023-11-23T10:38:36","modified_gmt":"2023-11-23T09:38:36","slug":"line-painting","status":"publish","type":"page","link":"https:\/\/tpm.nu\/en\/line-painting\/","title":{"rendered":"Line Painting"},"content":{"rendered":"<p>[et_pb_section fb_built=&#8221;1&#8243; admin_label=&#8221;Hero Section&#8221; _builder_version=&#8221;4.16&#8243; use_background_color_gradient=&#8221;on&#8221; background_color_gradient_direction=&#8221;136deg&#8221; background_color_gradient_stops=&#8221;#00619c 0%|rgba(0,0,0,0) 100%&#8221; background_color_gradient_overlays_image=&#8221;on&#8221; background_color_gradient_start=&#8221;#00619c&#8221; background_color_gradient_end=&#8221;rgba(0,0,0,0)&#8221; background_image=&#8221;https:\/\/tpm.nu\/wp-content\/uploads\/2021\/09\/line.jpg&#8221; background_position=&#8221;top_center&#8221; custom_padding=&#8221;5%||5%||true|false&#8221; global_colors_info=&#8221;{}&#8221;][et_pb_row column_structure=&#8221;2_3,1_3&#8243; admin_label=&#8221;Hero Area&#8221; _builder_version=&#8221;4.16&#8243; global_colors_info=&#8221;{}&#8221;][et_pb_column type=&#8221;2_3&#8243; _builder_version=&#8221;4.16&#8243; custom_padding=&#8221;|||&#8221; global_colors_info=&#8221;{}&#8221; custom_padding__hover=&#8221;|||&#8221;][et_pb_text admin_label=&#8221;Title&#8221; _builder_version=&#8221;4.16&#8243; text_font=&#8221;|600|||||||&#8221; text_font_size=&#8221;18px&#8221; text_line_height=&#8221;1.8em&#8221; header_font=&#8221;Poppins|600|||||||&#8221; header_font_size=&#8221;50px&#8221; header_line_height=&#8221;1.2em&#8221; background_layout=&#8221;dark&#8221; animation_style=&#8221;fade&#8221; header_font_size_tablet=&#8221;&#8221; header_font_size_phone=&#8221;40px&#8221; header_font_size_last_edited=&#8221;on|phone&#8221; global_colors_info=&#8221;{}&#8221;]<\/p>\n<p>TPM &#8211; Your Industrial Partner<\/p>\n<h1>Line Painting<\/h1>\n<p>[\/et_pb_text][et_pb_divider color=&#8221;#FFFFFF&#8221; divider_weight=&#8221;2px&#8221; _builder_version=&#8221;4.16&#8243; _module_preset=&#8221;default&#8221; animation_style=&#8221;slide&#8221; global_colors_info=&#8221;{}&#8221;][\/et_pb_divider][\/et_pb_column][et_pb_column type=&#8221;1_3&#8243; _builder_version=&#8221;4.16&#8243; custom_padding=&#8221;|||&#8221; global_colors_info=&#8221;{}&#8221; custom_padding__hover=&#8221;|||&#8221;][\/et_pb_column][\/et_pb_row][\/et_pb_section][et_pb_section fb_built=&#8221;1&#8243; _builder_version=&#8221;4.16&#8243; _module_preset=&#8221;default&#8221; global_colors_info=&#8221;{}&#8221;][et_pb_row column_structure=&#8221;2_3,1_3&#8243; _builder_version=&#8221;4.16&#8243; _module_preset=&#8221;default&#8221; global_colors_info=&#8221;{}&#8221;][et_pb_column type=&#8221;2_3&#8243; _builder_version=&#8221;4.16&#8243; _module_preset=&#8221;default&#8221; global_colors_info=&#8221;{}&#8221;][et_pb_text _builder_version=&#8221;4.16&#8243; _module_preset=&#8221;default&#8221; text_font_size=&#8221;16px&#8221; text_line_height=&#8221;1.9em&#8221; header_2_font=&#8221;Poppins|700|||||||&#8221; header_2_text_color=&#8221;#0492d0&#8243; header_2_font_size=&#8221;30px&#8221; header_2_line_height=&#8221;1.6em&#8221; global_colors_info=&#8221;{}&#8221;]<\/p>\n<h2 class=\"bodytext\">We perform line painting<\/h2>\n<p class=\"bodytext\">In order to achieve good results, we use the latest technology for the painting of road markings such as industrial lines, parking spaces, luminescent lines (evacuation routes) and more. Special symbols and company logos are also something that we can be of service; by the use of Thermoplastic mass you might get a nice detail in the company parking lot. Only the imagination can set a limit to what we may really offer! If interested, please do not hesitate to contact us: <a href=\"mailto:kontakt@tpm.nu\">kontakt@tpm.nu<\/a><\/p>\n<p>[\/et_pb_text][\/et_pb_column][et_pb_column type=&#8221;1_3&#8243; _builder_version=&#8221;4.16&#8243; _module_preset=&#8221;default&#8221; global_colors_info=&#8221;{}&#8221;][et_pb_team_member name=&#8221;Robert Baudin&#8221; position=&#8221;Project Manager  Line Painting&#8221; image_url=&#8221;https:\/\/tpm.nu\/wp-content\/uploads\/2021\/09\/Profilbild-MAN.png&#8221; _builder_version=&#8221;4.23.1&#8243; _module_preset=&#8221;default&#8221; header_font=&#8221;|600|||||||&#8221; header_text_align=&#8221;center&#8221; header_text_color=&#8221;#5E83BD&#8221; body_text_color=&#8221;#000000&#8243; position_text_color=&#8221;#606060&#8243; position_font_size=&#8221;15px&#8221; position_line_height=&#8221;1.8em&#8221; body_link_text_color=&#8221;#5e83bd&#8221; text_orientation=&#8221;center&#8221; custom_padding=&#8221;10px||30px||false|false&#8221; hover_enabled=&#8221;0&#8243; box_shadow_style=&#8221;preset3&#8243; global_colors_info=&#8221;{}&#8221; sticky_enabled=&#8221;0&#8243;]<\/p>\n<p><span><\/span><\/p>\n<p><a href=\"tel:46705683466\">+4670-568 34 66<\/a><br \/><a href=\"mailto:robert@tpm.nu\">robert@tpm.nu<\/a><\/p>\n<p>[\/et_pb_team_member][\/et_pb_column][\/et_pb_row][\/et_pb_section][et_pb_section fb_built=&#8221;1&#8243; admin_label=&#8221;Footer Section&#8221; _builder_version=&#8221;4.10.7&#8243; background_color=&#8221;#1e1d1c&#8221; background_image=&#8221;https:\/\/tpm.nu\/wp-content\/uploads\/2021\/09\/headerback-2.png&#8221; custom_padding=&#8221;90px||90px|&#8221; global_module=&#8221;25964&#8243; saved_tabs=&#8221;all&#8221; locked=&#8221;off&#8221; global_colors_info=&#8221;{}&#8221;][et_pb_row column_structure=&#8221;1_4,1_4,1_4,1_4&#8243; admin_label=&#8221;Footer Area&#8221; _builder_version=&#8221;4.16&#8243; global_colors_info=&#8221;{}&#8221;][et_pb_column type=&#8221;1_4&#8243; _builder_version=&#8221;4.16&#8243; custom_padding=&#8221;|||&#8221; global_colors_info=&#8221;{}&#8221; custom_padding__hover=&#8221;|||&#8221;][et_pb_text ul_type=&#8221;none&#8221; admin_label=&#8221;Title&#8221; _builder_version=&#8221;4.16&#8243; text_font=&#8221;Poppins||||||||&#8221; text_text_color=&#8221;#FFFFFF&#8221; text_line_height=&#8221;1.8em&#8221; ul_font=&#8221;Poppins||||||||&#8221; ul_text_align=&#8221;center&#8221; header_font=&#8221;||||||||&#8221; header_2_font=&#8221;Poppins||||||||&#8221; header_2_text_align=&#8221;center&#8221; header_2_font_size=&#8221;24px&#8221; header_2_line_height=&#8221;1.4em&#8221; text_orientation=&#8221;center&#8221; background_layout=&#8221;dark&#8221; custom_margin=&#8221;||15px|&#8221; custom_padding=&#8221;|||&#8221; animation_style=&#8221;fade&#8221; global_colors_info=&#8221;{}&#8221;]<\/p>\n<p style=\"text-align: left;\">TPM Industrim\u00e5lning AB<br \/>Utmarksv\u00e4gen 25<br \/>802 91 G\u00c4VLE<\/p>\n<p>[\/et_pb_text][\/et_pb_column][et_pb_column type=&#8221;1_4&#8243; _builder_version=&#8221;4.16&#8243; custom_padding=&#8221;|||&#8221; global_colors_info=&#8221;{}&#8221; custom_padding__hover=&#8221;|||&#8221;][et_pb_text ul_type=&#8221;none&#8221; admin_label=&#8221;Title&#8221; _builder_version=&#8221;4.16&#8243; text_font=&#8221;Poppins||||||||&#8221; text_text_color=&#8221;rgba(255,255,255,0.7)&#8221; text_line_height=&#8221;1.5em&#8221; link_text_color=&#8221;#04e0e0&#8243; ul_font=&#8221;Poppins||||||||&#8221; ul_text_align=&#8221;center&#8221; header_font=&#8221;||||||||&#8221; header_2_font=&#8221;Poppins||||||||&#8221; header_2_text_align=&#8221;center&#8221; header_2_font_size=&#8221;24px&#8221; header_2_line_height=&#8221;1.4em&#8221; text_orientation=&#8221;center&#8221; background_layout=&#8221;dark&#8221; custom_margin=&#8221;||15px|&#8221; custom_padding=&#8221;|||&#8221; animation_style=&#8221;fade&#8221; global_colors_info=&#8221;{}&#8221;]<\/p>\n<h2 style=\"text-align: left;\">Phone us<\/h2>\n<p style=\"text-align: left;\"><a href=\"tel:4626541050\">+4626 &#8211; 54 10 50<\/a><\/p>\n<p>[\/et_pb_text][\/et_pb_column][et_pb_column type=&#8221;1_4&#8243; _builder_version=&#8221;4.16&#8243; _module_preset=&#8221;default&#8221; global_colors_info=&#8221;{}&#8221;][et_pb_text ul_type=&#8221;none&#8221; admin_label=&#8221;Title&#8221; _builder_version=&#8221;4.16&#8243; text_font=&#8221;Poppins||||||||&#8221; text_text_color=&#8221;rgba(255,255,255,0.7)&#8221; text_line_height=&#8221;1.8em&#8221; link_text_color=&#8221;#04E0E0&#8243; ul_font=&#8221;Poppins||||||||&#8221; ul_text_align=&#8221;center&#8221; header_font=&#8221;||||||||&#8221; header_2_font=&#8221;Poppins||||||||&#8221; header_2_text_align=&#8221;center&#8221; header_2_font_size=&#8221;24px&#8221; header_2_line_height=&#8221;1.4em&#8221; text_orientation=&#8221;center&#8221; background_layout=&#8221;dark&#8221; custom_margin=&#8221;||15px|&#8221; custom_padding=&#8221;|||&#8221; animation_style=&#8221;fade&#8221; global_colors_info=&#8221;{}&#8221;]<\/p>\n<h2 style=\"text-align: left;\">Write to us<\/h2>\n<p style=\"text-align: left;\"><a href=\"mailto:kontakt@tpm.nu\" data-track-event=\"click\" data-track-action=\"email_link\">kontakt@tpm.nu<\/a><\/p>\n<p>[\/et_pb_text][\/et_pb_column][et_pb_column type=&#8221;1_4&#8243; _builder_version=&#8221;4.16&#8243; _module_preset=&#8221;default&#8221; global_colors_info=&#8221;{}&#8221;][et_pb_image src=&#8221;https:\/\/tpm.nu\/wp-content\/uploads\/2021\/09\/tpm_logo_w.jpg&#8221; url=&#8221;\/en\/&#8221; align=&#8221;center&#8221; _builder_version=&#8221;4.16&#8243; _module_preset=&#8221;default&#8221; width=&#8221;100%&#8221; animation_style=&#8221;flip&#8221; box_shadow_style=&#8221;preset3&#8243; global_colors_info=&#8221;{}&#8221;][\/et_pb_image][\/et_pb_column][\/et_pb_row][\/et_pb_section]<\/p>\n","protected":false},"excerpt":{"rendered":"<p>TPM &#8211; Your Industrial Partner Line PaintingWe perform line painting In order to achieve good results, we use the latest technology for the painting of road markings such as industrial lines, parking spaces, luminescent lines (evacuation routes) and more. Special symbols and company logos are also something that we can be of service; by the [&hellip;]<\/p>\n","protected":false},"author":2,"featured_media":0,"parent":0,"menu_order":0,"comment_status":"closed","ping_status":"closed","template":"","meta":{"_et_pb_use_builder":"on","_et_pb_old_content":"","_et_gb_content_width":""},"yoast_head":"<!-- This site is optimized with the Yoast SEO plugin v20.6 - https:\/\/yoast.com\/wordpress\/plugins\/seo\/ -->\n<title>Line Painting | TPM Industrim\u00e5lning AB<\/title>\n<meta name=\"description\" content=\"In order to achieve good results, we use the latest technology for the painting of road markings. Contact us for help in G\u00e4vle and S\u00f6dert\u00e4lje.\" \/>\n<meta name=\"robots\" content=\"index, follow, max-snippet:-1, max-image-preview:large, max-video-preview:-1\" \/>\n<link rel=\"canonical\" href=\"https:\/\/tpm.nu\/en\/line-painting\/\" \/>\n<meta property=\"og:locale\" content=\"en_US\" \/>\n<meta property=\"og:type\" content=\"article\" \/>\n<meta property=\"og:title\" content=\"Line Painting | TPM Industrim\u00e5lning AB\" \/>\n<meta property=\"og:description\" content=\"In order to achieve good results, we use the latest technology for the painting of road markings. Contact us for help in G\u00e4vle and S\u00f6dert\u00e4lje.\" \/>\n<meta property=\"og:url\" content=\"https:\/\/tpm.nu\/en\/line-painting\/\" \/>\n<meta property=\"og:site_name\" content=\"TPM Industrim\u00e5lning AB\" \/>\n<meta property=\"article:modified_time\" content=\"2023-11-23T09:38:36+00:00\" \/>\n<meta name=\"twitter:card\" content=\"summary_large_image\" \/>\n<meta name=\"twitter:label1\" content=\"Est. reading time\" \/>\n\t<meta name=\"twitter:data1\" content=\"4 minutes\" \/>\n<script type=\"application\/ld+json\" class=\"yoast-schema-graph\">{\"@context\":\"https:\/\/schema.org\",\"@graph\":[{\"@type\":\"WebPage\",\"@id\":\"https:\/\/tpm.nu\/en\/line-painting\/\",\"url\":\"https:\/\/tpm.nu\/en\/line-painting\/\",\"name\":\"Line Painting | TPM Industrim\u00e5lning AB\",\"isPartOf\":{\"@id\":\"https:\/\/tpm.nu\/#website\"},\"datePublished\":\"2021-09-16T11:25:37+00:00\",\"dateModified\":\"2023-11-23T09:38:36+00:00\",\"description\":\"In order to achieve good results, we use the latest technology for the painting of road markings. Contact us for help in G\u00e4vle and S\u00f6dert\u00e4lje.\",\"breadcrumb\":{\"@id\":\"https:\/\/tpm.nu\/en\/line-painting\/#breadcrumb\"},\"inLanguage\":\"en-US\",\"potentialAction\":[{\"@type\":\"ReadAction\",\"target\":[\"https:\/\/tpm.nu\/en\/line-painting\/\"]}]},{\"@type\":\"BreadcrumbList\",\"@id\":\"https:\/\/tpm.nu\/en\/line-painting\/#breadcrumb\",\"itemListElement\":[{\"@type\":\"ListItem\",\"position\":1,\"name\":\"Home\",\"item\":\"https:\/\/tpm.nu\/en\/\"},{\"@type\":\"ListItem\",\"position\":2,\"name\":\"Line Painting\"}]},{\"@type\":\"WebSite\",\"@id\":\"https:\/\/tpm.nu\/#website\",\"url\":\"https:\/\/tpm.nu\/\",\"name\":\"TPM Industrim\u00e5lning AB\",\"description\":\"Din industripartner\",\"potentialAction\":[{\"@type\":\"SearchAction\",\"target\":{\"@type\":\"EntryPoint\",\"urlTemplate\":\"https:\/\/tpm.nu\/?s={search_term_string}\"},\"query-input\":\"required name=search_term_string\"}],\"inLanguage\":\"en-US\"}]}<\/script>\n<!-- \/ Yoast SEO plugin. -->","yoast_head_json":{"title":"Line Painting | TPM Industrim\u00e5lning AB","description":"In order to achieve good results, we use the latest technology for the painting of road markings. Contact us for help in G\u00e4vle and S\u00f6dert\u00e4lje.","robots":{"index":"index","follow":"follow","max-snippet":"max-snippet:-1","max-image-preview":"max-image-preview:large","max-video-preview":"max-video-preview:-1"},"canonical":"https:\/\/tpm.nu\/en\/line-painting\/","og_locale":"en_US","og_type":"article","og_title":"Line Painting | TPM Industrim\u00e5lning AB","og_description":"In order to achieve good results, we use the latest technology for the painting of road markings. Contact us for help in G\u00e4vle and S\u00f6dert\u00e4lje.","og_url":"https:\/\/tpm.nu\/en\/line-painting\/","og_site_name":"TPM Industrim\u00e5lning AB","article_modified_time":"2023-11-23T09:38:36+00:00","twitter_card":"summary_large_image","twitter_misc":{"Est. reading time":"4 minutes"},"schema":{"@context":"https:\/\/schema.org","@graph":[{"@type":"WebPage","@id":"https:\/\/tpm.nu\/en\/line-painting\/","url":"https:\/\/tpm.nu\/en\/line-painting\/","name":"Line Painting | TPM Industrim\u00e5lning AB","isPartOf":{"@id":"https:\/\/tpm.nu\/#website"},"datePublished":"2021-09-16T11:25:37+00:00","dateModified":"2023-11-23T09:38:36+00:00","description":"In order to achieve good results, we use the latest technology for the painting of road markings. Contact us for help in G\u00e4vle and S\u00f6dert\u00e4lje.","breadcrumb":{"@id":"https:\/\/tpm.nu\/en\/line-painting\/#breadcrumb"},"inLanguage":"en-US","potentialAction":[{"@type":"ReadAction","target":["https:\/\/tpm.nu\/en\/line-painting\/"]}]},{"@type":"BreadcrumbList","@id":"https:\/\/tpm.nu\/en\/line-painting\/#breadcrumb","itemListElement":[{"@type":"ListItem","position":1,"name":"Home","item":"https:\/\/tpm.nu\/en\/"},{"@type":"ListItem","position":2,"name":"Line Painting"}]},{"@type":"WebSite","@id":"https:\/\/tpm.nu\/#website","url":"https:\/\/tpm.nu\/","name":"TPM Industrim\u00e5lning AB","description":"Din industripartner","potentialAction":[{"@type":"SearchAction","target":{"@type":"EntryPoint","urlTemplate":"https:\/\/tpm.nu\/?s={search_term_string}"},"query-input":"required name=search_term_string"}],"inLanguage":"en-US"}]}},"_links":{"self":[{"href":"https:\/\/tpm.nu\/en\/wp-json\/wp\/v2\/pages\/25991"}],"collection":[{"href":"https:\/\/tpm.nu\/en\/wp-json\/wp\/v2\/pages"}],"about":[{"href":"https:\/\/tpm.nu\/en\/wp-json\/wp\/v2\/types\/page"}],"author":[{"embeddable":true,"href":"https:\/\/tpm.nu\/en\/wp-json\/wp\/v2\/users\/2"}],"replies":[{"embeddable":true,"href":"https:\/\/tpm.nu\/en\/wp-json\/wp\/v2\/comments?post=25991"}],"version-history":[{"count":11,"href":"https:\/\/tpm.nu\/en\/wp-json\/wp\/v2\/pages\/25991\/revisions"}],"predecessor-version":[{"id":26225,"href":"https:\/\/tpm.nu\/en\/wp-json\/wp\/v2\/pages\/25991\/revisions\/26225"}],"wp:attachment":[{"href":"https:\/\/tpm.nu\/en\/wp-json\/wp\/v2\/media?parent=25991"}],"curies":[{"name":"wp","href":"https:\/\/api.w.org\/{rel}","templated":true}]}}