{"id":26080,"date":"2021-09-16T13:35:20","date_gmt":"2021-09-16T11:35:20","guid":{"rendered":"https:\/\/tpm.nu\/?page_id=26080"},"modified":"2021-09-28T14:48:09","modified_gmt":"2021-09-28T12:48:09","slug":"our-policy","status":"publish","type":"page","link":"https:\/\/tpm.nu\/en\/our-policy\/","title":{"rendered":"Our Policy"},"content":{"rendered":"<p>[et_pb_section fb_built=&#8221;1&#8243; admin_label=&#8221;Hero Section&#8221; _builder_version=&#8221;4.10.7&#8243; use_background_color_gradient=&#8221;on&#8221; background_color_gradient_start=&#8221;#00619c&#8221; background_color_gradient_end=&#8221;rgba(0,0,0,0)&#8221; background_color_gradient_direction=&#8221;136deg&#8221; background_color_gradient_overlays_image=&#8221;on&#8221; background_image=&#8221;https:\/\/tpm.nu\/wp-content\/uploads\/2021\/09\/pen.jpg&#8221; custom_padding=&#8221;5%||5%||true|false&#8221; global_colors_info=&#8221;{}&#8221;][et_pb_row column_structure=&#8221;2_3,1_3&#8243; admin_label=&#8221;Hero Area&#8221; _builder_version=&#8221;4.10.7&#8243; global_colors_info=&#8221;{}&#8221;][et_pb_column type=&#8221;2_3&#8243; _builder_version=&#8221;3.25&#8243; custom_padding=&#8221;|||&#8221; global_colors_info=&#8221;{}&#8221; custom_padding__hover=&#8221;|||&#8221;][et_pb_text admin_label=&#8221;Title&#8221; _builder_version=&#8221;4.10.7&#8243; text_font=&#8221;|600|||||||&#8221; text_font_size=&#8221;18px&#8221; text_line_height=&#8221;1.8em&#8221; header_font=&#8221;Poppins|600|||||||&#8221; header_font_size=&#8221;50px&#8221; header_line_height=&#8221;1.2em&#8221; background_layout=&#8221;dark&#8221; animation_style=&#8221;fade&#8221; header_font_size_tablet=&#8221;&#8221; header_font_size_phone=&#8221;30px&#8221; header_font_size_last_edited=&#8221;on|phone&#8221; global_colors_info=&#8221;{}&#8221;]<\/p>\n<p>TPM &#8211; Your Industrial Partner<\/p>\n<h1>Our Policy<\/h1>\n<p>[\/et_pb_text][et_pb_divider color=&#8221;#FFFFFF&#8221; divider_weight=&#8221;2px&#8221; _builder_version=&#8221;4.10.7&#8243; _module_preset=&#8221;default&#8221; animation_style=&#8221;slide&#8221; global_colors_info=&#8221;{}&#8221;][\/et_pb_divider][\/et_pb_column][et_pb_column type=&#8221;1_3&#8243; _builder_version=&#8221;3.25&#8243; custom_padding=&#8221;|||&#8221; global_colors_info=&#8221;{}&#8221; custom_padding__hover=&#8221;|||&#8221;][\/et_pb_column][\/et_pb_row][\/et_pb_section][et_pb_section fb_built=&#8221;1&#8243; _builder_version=&#8221;4.10.7&#8243; _module_preset=&#8221;default&#8221; global_colors_info=&#8221;{}&#8221;][et_pb_row _builder_version=&#8221;4.10.7&#8243; _module_preset=&#8221;default&#8221; global_colors_info=&#8221;{}&#8221;][et_pb_column type=&#8221;4_4&#8243; _builder_version=&#8221;4.10.7&#8243; _module_preset=&#8221;default&#8221; global_colors_info=&#8221;{}&#8221;][et_pb_text _builder_version=&#8221;4.10.7&#8243; _module_preset=&#8221;default&#8221; text_font_size=&#8221;16px&#8221; text_line_height=&#8221;1.9em&#8221; header_2_font=&#8221;Poppins|700|||||||&#8221; header_2_text_color=&#8221;#0492d0&#8243; header_2_font_size=&#8221;30px&#8221; header_2_line_height=&#8221;1.6em&#8221; global_colors_info=&#8221;{}&#8221;]<\/p>\n<h2 class=\"bodytext\">Quality Policy<\/h2>\n<p class=\"bodytext\"><span>TPM Industrim\u00e5lning AB shall deliver goods and services according to agreed specifications and verbal agreements. Deliveries of the ordered services and products are to be managed effectively and to the customer&#8217;s complete satisfaction.<\/span><\/p>\n<p class=\"bodytext\"><span>We will continually educate all of our staff members in order to maintain the high standard\u00a0that currently exists among employees and management. The company&#8217;s quality system shall be fully followed up with continuous controls and measurements.<\/span><\/p>\n<p class=\"bodytext\"><span>Ambiguities in\u00a0specifications and contracts must be promptly discussed with the client\/customer. Internal controls and documentation will give the customer the certainty that the ordered products will be delivered in full. The customer will continuously be given information about the project&#8217;s ongoing work. Built documentations will be submitted after completion of work.<\/span><\/p>\n<p class=\"bodytext\"><span>Built documentation will be submitted once the work has been executed. Every single person who has their livelihood from TPM Industrim\u00e5lning AB is responsible for that the quality of the work performed is adequate, The site manager is responsible for the work in its entirety on the project he\/she leads, a job that the customer will be more than happy with.<\/span><span><\/span><a href=\"mailto:kontakt@tpm.nu\" data-track-event=\"click\" data-track-action=\"email_link\"><\/a><\/p>\n<p>[\/et_pb_text][et_pb_button button_url=&#8221;\/en\/contact\/&#8221; button_text=&#8221;Contact us&#8221; _builder_version=&#8221;4.10.7&#8243; _module_preset=&#8221;default&#8221; custom_button=&#8221;on&#8221; button_text_size=&#8221;16px&#8221; button_border_width=&#8221;1px&#8221; locked=&#8221;off&#8221; global_colors_info=&#8221;{}&#8221;][\/et_pb_button][\/et_pb_column][\/et_pb_row][et_pb_row column_structure=&#8221;1_3,1_3,1_3&#8243; use_custom_gutter=&#8221;on&#8221; gutter_width=&#8221;2&#8243; _builder_version=&#8221;4.10.7&#8243; _module_preset=&#8221;default&#8221; global_colors_info=&#8221;{}&#8221;][et_pb_column type=&#8221;1_3&#8243; _builder_version=&#8221;4.10.7&#8243; _module_preset=&#8221;default&#8221; global_colors_info=&#8221;{}&#8221;][et_pb_text _builder_version=&#8221;4.10.7&#8243; _module_preset=&#8221;default&#8221; text_line_height=&#8221;1.9em&#8221; header_2_font=&#8221;Poppins|700|||||||&#8221; header_2_text_color=&#8221;#5e83bd&#8221; header_2_font_size=&#8221;30px&#8221; header_2_line_height=&#8221;1.6em&#8221; header_4_font=&#8221;|600|||||||&#8221; header_4_text_color=&#8221;#0492d0&#8243; header_4_font_size=&#8221;16px&#8221; header_4_line_height=&#8221;1.4em&#8221; global_colors_info=&#8221;{}&#8221;]<\/p>\n<h4 class=\"bodytext\"><span>Furthermore, there are the following ambitions within the company:<\/span><\/h4>\n<ul>\n<li><span>To always follow the laws and other requirements.<\/span><\/li>\n<li><span>To constantly have a dialogue about environmental issues, both in- and external.<\/span><\/li>\n<li><span>To continuously evaluate suppliers and subcontractors.<\/span><\/li>\n<li><span>To always recommend the least hazardous product for each project (exchange rule acc. law on chemical products).<\/span><\/li>\n<li><span>Internal controls and documentation should provide the customer with certainty that the ordered product delivered as agreed.<\/span><\/li>\n<li><span>The company&#8217;s quality system should be followed by continuous monitoring and follow up.<\/span><\/li>\n<li><span>Relationship\/quality documents handed over to customers after completion of the work in digital or paper form by the customer.<\/span><\/li>\n<\/ul>\n<p>[\/et_pb_text][\/et_pb_column][et_pb_column type=&#8221;1_3&#8243; _builder_version=&#8221;4.10.7&#8243; _module_preset=&#8221;default&#8221; global_colors_info=&#8221;{}&#8221;][et_pb_text _builder_version=&#8221;4.10.7&#8243; _module_preset=&#8221;default&#8221; text_line_height=&#8221;1.9em&#8221; header_2_font=&#8221;Poppins|700|||||||&#8221; header_2_text_color=&#8221;#5e83bd&#8221; header_2_font_size=&#8221;30px&#8221; header_2_line_height=&#8221;1.6em&#8221; header_4_font=&#8221;|600|||||||&#8221; header_4_text_color=&#8221;#0492d0&#8243; header_4_font_size=&#8221;16px&#8221; header_4_line_height=&#8221;1.4em&#8221; global_colors_info=&#8221;{}&#8221;]<\/p>\n<h4 class=\"bodytext\"><span>This means that<\/span><span>:<\/span><\/h4>\n<ul>\n<li><span>We seek long-term relationships with our customers.<\/span><\/li>\n<li><span>We are constantly working on developing products and processes in our system.<\/span><\/li>\n<li><span>We strive toward a 0-errors principle in all commitments to customers and suppliers.<\/span><\/li>\n<li><span>Behave honestly and seriously with customers and other stakeholders.<\/span><span><\/span><\/li>\n<\/ul>\n<p>[\/et_pb_text][\/et_pb_column][et_pb_column type=&#8221;1_3&#8243; _builder_version=&#8221;4.10.7&#8243; _module_preset=&#8221;default&#8221; global_colors_info=&#8221;{}&#8221;][et_pb_text _builder_version=&#8221;4.10.7&#8243; _module_preset=&#8221;default&#8221; text_line_height=&#8221;1.9em&#8221; header_2_font=&#8221;Poppins|700|||||||&#8221; header_2_text_color=&#8221;#5e83bd&#8221; header_2_font_size=&#8221;30px&#8221; header_2_line_height=&#8221;1.6em&#8221; header_4_font=&#8221;|600|||||||&#8221; header_4_text_color=&#8221;#0492d0&#8243; header_4_font_size=&#8221;16px&#8221; header_4_line_height=&#8221;1.4em&#8221; global_colors_info=&#8221;{}&#8221;]<\/p>\n<h4 class=\"bodytext\"><span>This is achieved by<\/span><span>:<\/span><\/h4>\n<ul>\n<li><span>Having well trained, committed and flexible employees who know the importance of their efforts for the environment and quality.<\/span><\/li>\n<li><span>Set and monitor the environmental- and quality goals.<\/span><\/li>\n<li><span>To be responsive to customer&#8217;s requests and needs.<\/span><span><\/span><\/li>\n<\/ul>\n<p>[\/et_pb_text][\/et_pb_column][\/et_pb_row][\/et_pb_section][et_pb_section fb_built=&#8221;1&#8243; admin_label=&#8221;Footer Section&#8221; _builder_version=&#8221;4.10.7&#8243; background_color=&#8221;#1e1d1c&#8221; background_image=&#8221;https:\/\/tpm.nu\/wp-content\/uploads\/2021\/09\/headerback-2.png&#8221; custom_padding=&#8221;90px||90px|&#8221; saved_tabs=&#8221;all&#8221; global_colors_info=&#8221;{}&#8221;][et_pb_row column_structure=&#8221;1_4,1_4,1_4,1_4&#8243; admin_label=&#8221;Footer Area&#8221; _builder_version=&#8221;3.25&#8243; global_colors_info=&#8221;{}&#8221;][et_pb_column type=&#8221;1_4&#8243; _builder_version=&#8221;3.25&#8243; custom_padding=&#8221;|||&#8221; global_colors_info=&#8221;{}&#8221; custom_padding__hover=&#8221;|||&#8221;][et_pb_text ul_type=&#8221;none&#8221; admin_label=&#8221;Title&#8221; _builder_version=&#8221;4.10.7&#8243; text_font=&#8221;Poppins||||||||&#8221; text_text_color=&#8221;#FFFFFF&#8221; text_line_height=&#8221;1.8em&#8221; ul_font=&#8221;Poppins||||||||&#8221; ul_text_align=&#8221;center&#8221; header_font=&#8221;||||||||&#8221; header_2_font=&#8221;Poppins||||||||&#8221; header_2_text_align=&#8221;center&#8221; header_2_font_size=&#8221;24px&#8221; header_2_line_height=&#8221;1.4em&#8221; text_orientation=&#8221;center&#8221; background_layout=&#8221;dark&#8221; custom_margin=&#8221;||15px|&#8221; custom_padding=&#8221;|||&#8221; animation_style=&#8221;fade&#8221; global_colors_info=&#8221;{}&#8221;]<\/p>\n<p style=\"text-align: left;\"><span>TPM Industrim\u00e5lning AB<br \/>Utmarksv\u00e4gen 25<br \/><\/span><span>802 91 <\/span><span>G\u00c4VLE<\/span><\/p>\n<p>[\/et_pb_text][\/et_pb_column][et_pb_column type=&#8221;1_4&#8243; _builder_version=&#8221;3.25&#8243; custom_padding=&#8221;|||&#8221; global_colors_info=&#8221;{}&#8221; custom_padding__hover=&#8221;|||&#8221;][et_pb_text ul_type=&#8221;none&#8221; admin_label=&#8221;Title&#8221; _builder_version=&#8221;4.10.7&#8243; text_font=&#8221;Poppins||||||||&#8221; text_text_color=&#8221;rgba(255,255,255,0.7)&#8221; text_line_height=&#8221;1.5em&#8221; link_text_color=&#8221;#04e0e0&#8243; ul_font=&#8221;Poppins||||||||&#8221; ul_text_align=&#8221;center&#8221; header_font=&#8221;||||||||&#8221; header_2_font=&#8221;Poppins||||||||&#8221; header_2_text_align=&#8221;center&#8221; header_2_font_size=&#8221;24px&#8221; header_2_line_height=&#8221;1.4em&#8221; text_orientation=&#8221;center&#8221; background_layout=&#8221;dark&#8221; custom_margin=&#8221;||15px|&#8221; custom_padding=&#8221;|||&#8221; animation_style=&#8221;fade&#8221; global_colors_info=&#8221;{}&#8221;]<\/p>\n<h2 style=\"text-align: left;\">Ring till oss<\/h2>\n<p style=\"text-align: left;\"><a href=\"tel:026541050\"><span>026 &#8211; 54 10 50<\/span><\/a><\/p>\n<p style=\"text-align: left;\"><a href=\"\/kontakt\/\">F\u00f6r direktkontakt med n\u00e5gon i v\u00e5r personal, klicka h\u00e4r<\/a><\/p>\n<p>[\/et_pb_text][\/et_pb_column][et_pb_column type=&#8221;1_4&#8243; _builder_version=&#8221;4.10.7&#8243; _module_preset=&#8221;default&#8221; global_colors_info=&#8221;{}&#8221;][et_pb_text ul_type=&#8221;none&#8221; admin_label=&#8221;Title&#8221; _builder_version=&#8221;4.10.7&#8243; text_font=&#8221;Poppins||||||||&#8221; text_text_color=&#8221;rgba(255,255,255,0.7)&#8221; text_line_height=&#8221;1.8em&#8221; link_text_color=&#8221;#04E0E0&#8243; ul_font=&#8221;Poppins||||||||&#8221; ul_text_align=&#8221;center&#8221; header_font=&#8221;||||||||&#8221; header_2_font=&#8221;Poppins||||||||&#8221; header_2_text_align=&#8221;center&#8221; header_2_font_size=&#8221;24px&#8221; header_2_line_height=&#8221;1.4em&#8221; text_orientation=&#8221;center&#8221; background_layout=&#8221;dark&#8221; custom_margin=&#8221;||15px|&#8221; custom_padding=&#8221;|||&#8221; animation_style=&#8221;fade&#8221; global_colors_info=&#8221;{}&#8221;]<\/p>\n<h2 style=\"text-align: left;\">Skriv till oss<\/h2>\n<p style=\"text-align: left;\"><a href=\"mailto:kontakt@tpm.nu\" data-track-event=\"click\" data-track-action=\"email_link\">kontakt@tpm.nu<\/a><\/p>\n<p>[\/et_pb_text][\/et_pb_column][et_pb_column type=&#8221;1_4&#8243; _builder_version=&#8221;4.10.7&#8243; _module_preset=&#8221;default&#8221; global_colors_info=&#8221;{}&#8221;][et_pb_image src=&#8221;https:\/\/tpm.nu\/wp-content\/uploads\/2021\/09\/tpm_logo_w.jpg&#8221; align=&#8221;center&#8221; _builder_version=&#8221;4.10.7&#8243; _module_preset=&#8221;default&#8221; width=&#8221;100%&#8221; animation_style=&#8221;flip&#8221; box_shadow_style=&#8221;preset3&#8243; global_colors_info=&#8221;{}&#8221;][\/et_pb_image][\/et_pb_column][\/et_pb_row][\/et_pb_section]<\/p>\n","protected":false},"excerpt":{"rendered":"<p>TPM &#8211; Your Industrial Partner Our PolicyQuality Policy TPM Industrim\u00e5lning AB shall deliver goods and services according to agreed specifications and verbal agreements. Deliveries of the ordered services and products are to be managed effectively and to the customer&#8217;s complete satisfaction. We will continually educate all of our staff members in order to maintain the [&hellip;]<\/p>\n","protected":false},"author":2,"featured_media":0,"parent":0,"menu_order":0,"comment_status":"closed","ping_status":"closed","template":"","meta":{"_et_pb_use_builder":"on","_et_pb_old_content":"","_et_gb_content_width":""},"yoast_head":"<!-- This site is optimized with the Yoast SEO plugin v20.6 - https:\/\/yoast.com\/wordpress\/plugins\/seo\/ -->\n<title>Our Policy | TPM Industrim\u00e5lning AB<\/title>\n<meta name=\"description\" content=\"Our policy at TPM Industrim\u00e5lning AB is to deliver goods and services according to agreed specifications and verbal agreements.\" \/>\n<meta name=\"robots\" content=\"index, follow, max-snippet:-1, max-image-preview:large, max-video-preview:-1\" \/>\n<link rel=\"canonical\" href=\"https:\/\/tpm.nu\/en\/our-policy\/\" \/>\n<meta property=\"og:locale\" content=\"en_US\" \/>\n<meta property=\"og:type\" content=\"article\" \/>\n<meta property=\"og:title\" content=\"Our Policy | TPM Industrim\u00e5lning AB\" \/>\n<meta property=\"og:description\" content=\"Our policy at TPM Industrim\u00e5lning AB is to deliver goods and services according to agreed specifications and verbal agreements.\" \/>\n<meta property=\"og:url\" content=\"https:\/\/tpm.nu\/en\/our-policy\/\" \/>\n<meta property=\"og:site_name\" content=\"TPM Industrim\u00e5lning AB\" \/>\n<meta property=\"article:modified_time\" content=\"2021-09-28T12:48:09+00:00\" \/>\n<meta name=\"twitter:card\" content=\"summary_large_image\" \/>\n<meta name=\"twitter:label1\" content=\"Est. reading time\" \/>\n\t<meta name=\"twitter:data1\" content=\"6 minutes\" \/>\n<script type=\"application\/ld+json\" class=\"yoast-schema-graph\">{\"@context\":\"https:\/\/schema.org\",\"@graph\":[{\"@type\":\"WebPage\",\"@id\":\"https:\/\/tpm.nu\/en\/our-policy\/\",\"url\":\"https:\/\/tpm.nu\/en\/our-policy\/\",\"name\":\"Our Policy | TPM Industrim\u00e5lning AB\",\"isPartOf\":{\"@id\":\"https:\/\/tpm.nu\/#website\"},\"datePublished\":\"2021-09-16T11:35:20+00:00\",\"dateModified\":\"2021-09-28T12:48:09+00:00\",\"description\":\"Our policy at TPM Industrim\u00e5lning AB is to deliver goods and services according to agreed specifications and verbal agreements.\",\"breadcrumb\":{\"@id\":\"https:\/\/tpm.nu\/en\/our-policy\/#breadcrumb\"},\"inLanguage\":\"en-US\",\"potentialAction\":[{\"@type\":\"ReadAction\",\"target\":[\"https:\/\/tpm.nu\/en\/our-policy\/\"]}]},{\"@type\":\"BreadcrumbList\",\"@id\":\"https:\/\/tpm.nu\/en\/our-policy\/#breadcrumb\",\"itemListElement\":[{\"@type\":\"ListItem\",\"position\":1,\"name\":\"Home\",\"item\":\"https:\/\/tpm.nu\/en\/\"},{\"@type\":\"ListItem\",\"position\":2,\"name\":\"Our Policy\"}]},{\"@type\":\"WebSite\",\"@id\":\"https:\/\/tpm.nu\/#website\",\"url\":\"https:\/\/tpm.nu\/\",\"name\":\"TPM Industrim\u00e5lning AB\",\"description\":\"Din industripartner\",\"potentialAction\":[{\"@type\":\"SearchAction\",\"target\":{\"@type\":\"EntryPoint\",\"urlTemplate\":\"https:\/\/tpm.nu\/?s={search_term_string}\"},\"query-input\":\"required name=search_term_string\"}],\"inLanguage\":\"en-US\"}]}<\/script>\n<!-- \/ Yoast SEO plugin. -->","yoast_head_json":{"title":"Our Policy | TPM Industrim\u00e5lning AB","description":"Our policy at TPM Industrim\u00e5lning AB is to deliver goods and services according to agreed specifications and verbal agreements.","robots":{"index":"index","follow":"follow","max-snippet":"max-snippet:-1","max-image-preview":"max-image-preview:large","max-video-preview":"max-video-preview:-1"},"canonical":"https:\/\/tpm.nu\/en\/our-policy\/","og_locale":"en_US","og_type":"article","og_title":"Our Policy | TPM Industrim\u00e5lning AB","og_description":"Our policy at TPM Industrim\u00e5lning AB is to deliver goods and services according to agreed specifications and verbal agreements.","og_url":"https:\/\/tpm.nu\/en\/our-policy\/","og_site_name":"TPM Industrim\u00e5lning AB","article_modified_time":"2021-09-28T12:48:09+00:00","twitter_card":"summary_large_image","twitter_misc":{"Est. reading time":"6 minutes"},"schema":{"@context":"https:\/\/schema.org","@graph":[{"@type":"WebPage","@id":"https:\/\/tpm.nu\/en\/our-policy\/","url":"https:\/\/tpm.nu\/en\/our-policy\/","name":"Our Policy | TPM Industrim\u00e5lning AB","isPartOf":{"@id":"https:\/\/tpm.nu\/#website"},"datePublished":"2021-09-16T11:35:20+00:00","dateModified":"2021-09-28T12:48:09+00:00","description":"Our policy at TPM Industrim\u00e5lning AB is to deliver goods and services according to agreed specifications and verbal agreements.","breadcrumb":{"@id":"https:\/\/tpm.nu\/en\/our-policy\/#breadcrumb"},"inLanguage":"en-US","potentialAction":[{"@type":"ReadAction","target":["https:\/\/tpm.nu\/en\/our-policy\/"]}]},{"@type":"BreadcrumbList","@id":"https:\/\/tpm.nu\/en\/our-policy\/#breadcrumb","itemListElement":[{"@type":"ListItem","position":1,"name":"Home","item":"https:\/\/tpm.nu\/en\/"},{"@type":"ListItem","position":2,"name":"Our Policy"}]},{"@type":"WebSite","@id":"https:\/\/tpm.nu\/#website","url":"https:\/\/tpm.nu\/","name":"TPM Industrim\u00e5lning AB","description":"Din industripartner","potentialAction":[{"@type":"SearchAction","target":{"@type":"EntryPoint","urlTemplate":"https:\/\/tpm.nu\/?s={search_term_string}"},"query-input":"required name=search_term_string"}],"inLanguage":"en-US"}]}},"_links":{"self":[{"href":"https:\/\/tpm.nu\/en\/wp-json\/wp\/v2\/pages\/26080"}],"collection":[{"href":"https:\/\/tpm.nu\/en\/wp-json\/wp\/v2\/pages"}],"about":[{"href":"https:\/\/tpm.nu\/en\/wp-json\/wp\/v2\/types\/page"}],"author":[{"embeddable":true,"href":"https:\/\/tpm.nu\/en\/wp-json\/wp\/v2\/users\/2"}],"replies":[{"embeddable":true,"href":"https:\/\/tpm.nu\/en\/wp-json\/wp\/v2\/comments?post=26080"}],"version-history":[{"count":14,"href":"https:\/\/tpm.nu\/en\/wp-json\/wp\/v2\/pages\/26080\/revisions"}],"predecessor-version":[{"id":26170,"href":"https:\/\/tpm.nu\/en\/wp-json\/wp\/v2\/pages\/26080\/revisions\/26170"}],"wp:attachment":[{"href":"https:\/\/tpm.nu\/en\/wp-json\/wp\/v2\/media?parent=26080"}],"curies":[{"name":"wp","href":"https:\/\/api.w.org\/{rel}","templated":true}]}}