{"id":26107,"date":"2021-09-16T13:19:22","date_gmt":"2021-09-16T11:19:22","guid":{"rendered":"https:\/\/tpm.nu\/?page_id=26107"},"modified":"2021-09-28T14:53:39","modified_gmt":"2021-09-28T12:53:39","slug":"references","status":"publish","type":"page","link":"https:\/\/tpm.nu\/en\/references\/","title":{"rendered":"References"},"content":{"rendered":"<p>[et_pb_section fb_built=&#8221;1&#8243; _builder_version=&#8221;4.10.7&#8243; _module_preset=&#8221;default&#8221; background_image=&#8221;https:\/\/tpm.nu\/wp-content\/uploads\/2021\/09\/blujpg.jpg&#8221; parallax=&#8221;on&#8221; global_colors_info=&#8221;{}&#8221;][et_pb_row column_structure=&#8221;2_3,1_3&#8243; admin_label=&#8221;Hero Area&#8221; _builder_version=&#8221;4.10.7&#8243; global_colors_info=&#8221;{}&#8221;][et_pb_column type=&#8221;2_3&#8243; _builder_version=&#8221;3.25&#8243; custom_padding=&#8221;|||&#8221; global_colors_info=&#8221;{}&#8221; custom_padding__hover=&#8221;|||&#8221;][et_pb_text admin_label=&#8221;Title&#8221; _builder_version=&#8221;4.10.7&#8243; text_font=&#8221;|600|||||||&#8221; text_font_size=&#8221;18px&#8221; text_line_height=&#8221;1.8em&#8221; header_font=&#8221;Poppins|600|||||||&#8221; header_font_size=&#8221;50px&#8221; header_line_height=&#8221;1.2em&#8221; background_layout=&#8221;dark&#8221; animation_style=&#8221;fade&#8221; header_font_size_tablet=&#8221;&#8221; header_font_size_phone=&#8221;25px&#8221; header_font_size_last_edited=&#8221;on|phone&#8221; global_colors_info=&#8221;{}&#8221;]<\/p>\n<p>TPM Industrim\u00e5lning AB<\/p>\n<h1>References<\/h1>\n<p>Please contact us for further information<\/p>\n<p>[\/et_pb_text][et_pb_divider color=&#8221;#FFFFFF&#8221; divider_weight=&#8221;2px&#8221; _builder_version=&#8221;4.10.7&#8243; _module_preset=&#8221;default&#8221; animation_style=&#8221;slide&#8221; global_colors_info=&#8221;{}&#8221;][\/et_pb_divider][\/et_pb_column][et_pb_column type=&#8221;1_3&#8243; _builder_version=&#8221;3.25&#8243; custom_padding=&#8221;|||&#8221; global_colors_info=&#8221;{}&#8221; custom_padding__hover=&#8221;|||&#8221;][\/et_pb_column][\/et_pb_row][et_pb_row _builder_version=&#8221;4.10.7&#8243; _module_preset=&#8221;default&#8221; background_color=&#8221;#FFFFFF&#8221; custom_padding=&#8221;|10px||10px|false|true&#8221; global_colors_info=&#8221;{}&#8221;][et_pb_column type=&#8221;4_4&#8243; _builder_version=&#8221;4.10.7&#8243; _module_preset=&#8221;default&#8221; global_colors_info=&#8221;{}&#8221;][et_pb_code _builder_version=&#8221;4.10.7&#8243; _module_preset=&#8221;default&#8221; global_colors_info=&#8221;{}&#8221;]<\/p>\n<div class=\"col col-sm-12\">\n<div class=\"module html\"><script src=\"https:\/\/ajax.googleapis.com\/ajax\/libs\/jquery\/1.11.0\/jquery.min.js\"><\/script> <!-- [et_pb_line_break_holder] --><script src=\"https:\/\/www.byggfolio.se\/Scripts\/byggfolio.js\"><\/script><!-- [et_pb_line_break_holder] -->  <!-- [et_pb_line_break_holder] --><script type=\"text\/javascript\">var _bfd = _bfd || ['tpmindustrimalningab', 'gavle']; var _options = _options || { 'display_images': true, 'show_companies': true, 'show_collaboration_text': true};<\/script> <\/p>\n<style type=\"text\/css\"> .byggfolio .image { margin-bottom: 10px; } .byggfolio h3 { font-weight: bold !important; font-size: 17px !important; } <\/style>\n<p> <script src=\"https:\/\/www.byggfolio.se\/Scripts\/byggfolio.js\"><\/script> <\/p>\n<div class=\"byggfolio\" current-group=\"0\">\n<style type=\"text\/css\">ul.byggfolio-groups li.active { background-color: #E0E0E0; }<\/style>\n<ul class=\"byggfolio-groups\" style=\"padding: 0; margin: 10px 0 20px;\">\n<li data-id=\"0\" onclick=\"loadImageGridByClick(0)\" style=\"background-image: none; cursor: pointer; display: inline-block; padding: 8px; margin-right: 5px; border: solid 1px #CCC; margin-bottom: 5px;\" class=\"active\">Alla referenser<\/li>\n<li data-id=\"863\" onclick=\"loadImageGridByClick(863)\" class=\"\" style=\"background-image: none; cursor: pointer; display: inline-block; padding: 8px; margin-right: 5px; border: solid 1px #CCC; margin-bottom: 5px;\">Bost\u00e4der<\/li>\n<li data-id=\"864\" onclick=\"loadImageGridByClick(864)\" class=\"\" style=\"background-image: none; cursor: pointer; display: inline-block; padding: 8px; margin-right: 5px; border: solid 1px #CCC; margin-bottom: 5px;\">Aff\u00e4rslokaler<\/li>\n<li data-id=\"865\" onclick=\"loadImageGridByClick(865)\" class=\"\" style=\"background-image: none; cursor: pointer; display: inline-block; padding: 8px; margin-right: 5px; border: solid 1px #CCC; margin-bottom: 5px;\">Industrilokaler<\/li>\n<li data-id=\"866\" onclick=\"loadImageGridByClick(866)\" class=\"\" style=\"background-image: none; cursor: pointer; display: inline-block; padding: 8px; margin-right: 5px; border: solid 1px #CCC; margin-bottom: 5px;\">Parkeringsgarage<\/li>\n<li data-id=\"867\" onclick=\"loadImageGridByClick(867)\" class=\"\" style=\"background-image: none; cursor: pointer; display: inline-block; padding: 8px; margin-right: 5px; border: solid 1px #CCC; margin-bottom: 5px;\">Kontor<\/li>\n<\/ul>\n<div class=\"image-block\" style=\"position: relative; margin-bottom: 25px; float: left; cursor: pointer; width: 33%;\" onclick=\"loadProjectByClick(304710);\">\n<div class=\"image-container\" style=\"position: relative; height: 225px; margin-right: 10px;\">\n<div class=\"image\" style=\"position: absolute; top: 0; left: 0; right: 0; bottom: 0; background-size: cover; background-position: center; background-repeat: no-repeat; background-image: url(https:\/\/static.sverigebygger.se\/images\/byggfolio\/23408.png)\"><\/div>\n<\/div>\n<h3 style=\"clear: left;\">Bergrumsgaraget<\/h3>\n<\/div>\n<div class=\"image-block\" style=\"position: relative; margin-bottom: 25px; float: left; cursor: pointer; width: 33%;\" onclick=\"loadProjectByClick(811327);\">\n<div class=\"image-container\" style=\"position: relative; height: 225px; margin-right: 10px;\">\n<div class=\"image\" style=\"position: absolute; top: 0; left: 0; right: 0; bottom: 0; background-size: cover; background-position: center; background-repeat: no-repeat; background-image: url(http:\/\/static.sverigebygger.se\/images\/byggfolio\/18652.png)\"><\/div>\n<\/div>\n<h3 style=\"clear: left;\">IKEA<\/h3>\n<\/div>\n<div class=\"image-block\" style=\"position: relative; margin-bottom: 25px; float: left; cursor: pointer; width: 33%;\" onclick=\"loadProjectByClick(286026);\">\n<div class=\"image-container\" style=\"position: relative; height: 225px; margin-right: 10px;\">\n<div class=\"image\" style=\"position: absolute; top: 0; left: 0; right: 0; bottom: 0; background-size: cover; background-position: center; background-repeat: no-repeat; background-image: url(http:\/\/static.sverigebygger.se\/images\/byggfolio\/18649.png)\"><\/div>\n<\/div>\n<h3 style=\"clear: left;\">\u00c5kersberga Centrum<\/h3>\n<\/div>\n<div style=\"clear:both;\"><\/div>\n<div class=\"image-block\" style=\"position: relative; margin-bottom: 25px; float: left; cursor: pointer; width: 33%;\" onclick=\"loadProjectByClick(788212);\">\n<div class=\"image-container\" style=\"position: relative; height: 225px; margin-right: 10px;\">\n<div class=\"image\" style=\"position: absolute; top: 0; left: 0; right: 0; bottom: 0; background-size: cover; background-position: center; background-repeat: no-repeat; background-image: url(https:\/\/static.sverigebygger.se\/images\/byggfolio\/18656.png)\"><\/div>\n<\/div>\n<h3 style=\"clear: left;\">Forum Nacka<\/h3>\n<\/div>\n<div class=\"image-block\" style=\"position: relative; margin-bottom: 25px; float: left; cursor: pointer; width: 33%;\" onclick=\"loadProjectByClick(863433);\">\n<div class=\"image-container\" style=\"position: relative; height: 225px; margin-right: 10px;\">\n<div class=\"image\" style=\"position: absolute; top: 0; left: 0; right: 0; bottom: 0; background-size: cover; background-position: center; background-repeat: no-repeat; background-image: url(https:\/\/static.sverigebygger.se\/images\/byggfolio\/24780.png)\"><\/div>\n<\/div>\n<h3 style=\"clear: left;\">Biltema<\/h3>\n<\/div>\n<div class=\"image-block\" style=\"position: relative; margin-bottom: 25px; float: left; cursor: pointer; width: 33%;\" onclick=\"loadProjectByClick(867873);\">\n<div class=\"image-container\" style=\"position: relative; height: 225px; margin-right: 10px;\">\n<div class=\"image\" style=\"position: absolute; top: 0; left: 0; right: 0; bottom: 0; background-size: cover; background-position: center; background-repeat: no-repeat; background-image: url(https:\/\/static.sverigebygger.se\/images\/byggfolio\/26091.png)\"><\/div>\n<\/div>\n<h3 style=\"clear: left;\">Hagalunds dep\u00e5<\/h3>\n<\/div>\n<div style=\"clear:both;\"><\/div>\n<div class=\"image-block\" style=\"position: relative; margin-bottom: 25px; float: left; cursor: pointer; width: 33%;\" onclick=\"loadProjectByClick(909275);\">\n<div class=\"image-container\" style=\"position: relative; height: 225px; margin-right: 10px;\">\n<div class=\"image\" style=\"position: absolute; top: 0; left: 0; right: 0; bottom: 0; background-size: cover; background-position: center; background-repeat: no-repeat; background-image: url(https:\/\/static.sverigebygger.se\/images\/byggfolio\/24782.png)\"><\/div>\n<\/div>\n<h3 style=\"clear: left;\">Bergm\u00e4starg\u00e5rden<\/h3>\n<\/div>\n<div class=\"image-block\" style=\"position: relative; margin-bottom: 25px; float: left; cursor: pointer; width: 33%;\" onclick=\"loadProjectByClick(881622);\">\n<div class=\"image-container\" style=\"position: relative; height: 225px; margin-right: 10px;\">\n<div class=\"image\" style=\"position: absolute; top: 0; left: 0; right: 0; bottom: 0; background-size: cover; background-position: center; background-repeat: no-repeat; background-image: url(https:\/\/static.sverigebygger.se\/images\/byggfolio\/24792.png)\"><\/div>\n<\/div>\n<h3 style=\"clear: left;\">Sandbacka<\/h3>\n<\/div>\n<div class=\"image-block\" style=\"position: relative; margin-bottom: 25px; float: left; cursor: pointer; width: 33%;\" onclick=\"loadProjectByClick(801185);\">\n<div class=\"image-container\" style=\"position: relative; height: 225px; margin-right: 10px;\">\n<div class=\"image\" style=\"position: absolute; top: 0; left: 0; right: 0; bottom: 0; background-size: cover; background-position: center; background-repeat: no-repeat; background-image: url(https:\/\/static.sverigebygger.se\/images\/byggfolio\/26093.png)\"><\/div>\n<\/div>\n<h3 style=\"clear: left;\">Valbo<\/h3>\n<\/div>\n<div style=\"clear:both;\"><\/div>\n<div style=\"clear:both;\"><\/div>\n<div style=\"margin: 25px 0 25px 0;\"><a href=\"https:\/\/www.byggfolio.se\" target=\"_blank\" rel=\"noopener\" data-track-event=\"click\" data-track-action=\"link_clicked\"><img style=\"border: 0; margin-right: 40px; float: left;\" src=\"http:\/\/www.byggfolio.se\/Content\/images\/byggfolio.png\"><\/a><\/p>\n<h3 style=\"float: left; line-height: 51px; margin: 0;\">Projektinformationen visas i samarbete med <a href=\"http:\/\/www.byggfolio.se\/tpmindustrimalningab\/gavle\" target=\"_blank\" rel=\"noopener\" data-track-event=\"click\" data-track-action=\"link_clicked\">Byggfolio<\/a>.<\/h3>\n<div style=\"clear: both;\"><\/div>\n<\/div>\n<\/div><\/div>\n<\/p><\/div>\n<p>[\/et_pb_code][\/et_pb_column][\/et_pb_row][\/et_pb_section][et_pb_section fb_built=&#8221;1&#8243; admin_label=&#8221;Footer Section&#8221; _builder_version=&#8221;4.10.7&#8243; background_color=&#8221;#1e1d1c&#8221; background_image=&#8221;https:\/\/tpm.nu\/wp-content\/uploads\/2021\/09\/headerback-2.png&#8221; custom_padding=&#8221;90px||90px|&#8221; global_module=&#8221;25964&#8243; saved_tabs=&#8221;all&#8221; locked=&#8221;off&#8221; global_colors_info=&#8221;{}&#8221;][et_pb_row column_structure=&#8221;1_4,1_4,1_4,1_4&#8243; admin_label=&#8221;Footer Area&#8221; _builder_version=&#8221;3.25&#8243; global_colors_info=&#8221;{}&#8221;][et_pb_column type=&#8221;1_4&#8243; _builder_version=&#8221;3.25&#8243; custom_padding=&#8221;|||&#8221; global_colors_info=&#8221;{}&#8221; custom_padding__hover=&#8221;|||&#8221;][et_pb_text ul_type=&#8221;none&#8221; admin_label=&#8221;Title&#8221; _builder_version=&#8221;4.10.7&#8243; text_font=&#8221;Poppins||||||||&#8221; text_text_color=&#8221;#FFFFFF&#8221; text_line_height=&#8221;1.8em&#8221; ul_font=&#8221;Poppins||||||||&#8221; ul_text_align=&#8221;center&#8221; header_font=&#8221;||||||||&#8221; header_2_font=&#8221;Poppins||||||||&#8221; header_2_text_align=&#8221;center&#8221; header_2_font_size=&#8221;24px&#8221; header_2_line_height=&#8221;1.4em&#8221; text_orientation=&#8221;center&#8221; background_layout=&#8221;dark&#8221; custom_margin=&#8221;||15px|&#8221; custom_padding=&#8221;|||&#8221; animation_style=&#8221;fade&#8221; global_colors_info=&#8221;{}&#8221;]<\/p>\n<p style=\"text-align: left;\">TPM Industrim\u00e5lning AB<br \/>Utmarksv\u00e4gen 25<br \/>802 91 G\u00c4VLE<\/p>\n<p>[\/et_pb_text][\/et_pb_column][et_pb_column type=&#8221;1_4&#8243; _builder_version=&#8221;3.25&#8243; custom_padding=&#8221;|||&#8221; global_colors_info=&#8221;{}&#8221; custom_padding__hover=&#8221;|||&#8221;][et_pb_text ul_type=&#8221;none&#8221; admin_label=&#8221;Title&#8221; _builder_version=&#8221;4.10.7&#8243; text_font=&#8221;Poppins||||||||&#8221; text_text_color=&#8221;rgba(255,255,255,0.7)&#8221; text_line_height=&#8221;1.5em&#8221; link_text_color=&#8221;#04e0e0&#8243; ul_font=&#8221;Poppins||||||||&#8221; ul_text_align=&#8221;center&#8221; header_font=&#8221;||||||||&#8221; header_2_font=&#8221;Poppins||||||||&#8221; header_2_text_align=&#8221;center&#8221; header_2_font_size=&#8221;24px&#8221; header_2_line_height=&#8221;1.4em&#8221; text_orientation=&#8221;center&#8221; background_layout=&#8221;dark&#8221; custom_margin=&#8221;||15px|&#8221; custom_padding=&#8221;|||&#8221; animation_style=&#8221;fade&#8221; global_colors_info=&#8221;{}&#8221;]<\/p>\n<h2 style=\"text-align: left;\">Phone us<\/h2>\n<p style=\"text-align: left;\"><a href=\"tel:4626541050\">+4626 &#8211; 54 10 50<\/a><\/p>\n<p>[\/et_pb_text][\/et_pb_column][et_pb_column type=&#8221;1_4&#8243; _builder_version=&#8221;4.10.7&#8243; _module_preset=&#8221;default&#8221; global_colors_info=&#8221;{}&#8221;][et_pb_text ul_type=&#8221;none&#8221; admin_label=&#8221;Title&#8221; _builder_version=&#8221;4.10.7&#8243; text_font=&#8221;Poppins||||||||&#8221; text_text_color=&#8221;rgba(255,255,255,0.7)&#8221; text_line_height=&#8221;1.8em&#8221; link_text_color=&#8221;#04E0E0&#8243; ul_font=&#8221;Poppins||||||||&#8221; ul_text_align=&#8221;center&#8221; header_font=&#8221;||||||||&#8221; header_2_font=&#8221;Poppins||||||||&#8221; header_2_text_align=&#8221;center&#8221; header_2_font_size=&#8221;24px&#8221; header_2_line_height=&#8221;1.4em&#8221; text_orientation=&#8221;center&#8221; background_layout=&#8221;dark&#8221; custom_margin=&#8221;||15px|&#8221; custom_padding=&#8221;|||&#8221; animation_style=&#8221;fade&#8221; global_colors_info=&#8221;{}&#8221;]<\/p>\n<h2 style=\"text-align: left;\">Write to us<\/h2>\n<p style=\"text-align: left;\"><a href=\"mailto:kontakt@tpm.nu\" data-track-event=\"click\" data-track-action=\"email_link\">kontakt@tpm.nu<\/a><\/p>\n<p>[\/et_pb_text][\/et_pb_column][et_pb_column type=&#8221;1_4&#8243; _builder_version=&#8221;4.10.7&#8243; _module_preset=&#8221;default&#8221; global_colors_info=&#8221;{}&#8221;][et_pb_image src=&#8221;https:\/\/tpm.nu\/wp-content\/uploads\/2021\/09\/tpm_logo_w.jpg&#8221; url=&#8221;\/en\/&#8221; align=&#8221;center&#8221; _builder_version=&#8221;4.10.7&#8243; _module_preset=&#8221;default&#8221; width=&#8221;100%&#8221; animation_style=&#8221;flip&#8221; box_shadow_style=&#8221;preset3&#8243; global_colors_info=&#8221;{}&#8221;][\/et_pb_image][\/et_pb_column][\/et_pb_row][\/et_pb_section]<\/p>\n","protected":false},"excerpt":{"rendered":"<p>TPM Industrim\u00e5lning AB References Please contact us for further informationTPM Industrim\u00e5lning ABUtmarksv\u00e4gen 25802 91 G\u00c4VLEPhone us +4626 &#8211; 54 10 50Write to us kontakt@tpm.nu<\/p>\n","protected":false},"author":2,"featured_media":0,"parent":0,"menu_order":0,"comment_status":"closed","ping_status":"closed","template":"","meta":{"_et_pb_use_builder":"on","_et_pb_old_content":"","_et_gb_content_width":""},"yoast_head":"<!-- This site is optimized with the Yoast SEO plugin v20.6 - https:\/\/yoast.com\/wordpress\/plugins\/seo\/ -->\n<title>References | TPM Industrim\u00e5lning AB<\/title>\n<meta name=\"description\" content=\"Contact us to learn more about our past executed projects. Read about Ikea, \u00c5kersberga Centrum, Forum Nacka and Biltema amongst others.\" \/>\n<meta name=\"robots\" content=\"index, follow, max-snippet:-1, max-image-preview:large, max-video-preview:-1\" \/>\n<link rel=\"canonical\" href=\"https:\/\/tpm.nu\/en\/references\/\" \/>\n<meta property=\"og:locale\" content=\"en_US\" \/>\n<meta property=\"og:type\" content=\"article\" \/>\n<meta property=\"og:title\" content=\"References | TPM Industrim\u00e5lning AB\" \/>\n<meta property=\"og:description\" content=\"Contact us to learn more about our past executed projects. Read about Ikea, \u00c5kersberga Centrum, Forum Nacka and Biltema amongst others.\" \/>\n<meta property=\"og:url\" content=\"https:\/\/tpm.nu\/en\/references\/\" \/>\n<meta property=\"og:site_name\" content=\"TPM Industrim\u00e5lning AB\" \/>\n<meta property=\"article:modified_time\" content=\"2021-09-28T12:53:39+00:00\" \/>\n<meta property=\"og:image\" content=\"http:\/\/www.byggfolio.se\/Content\/images\/byggfolio.png\" \/>\n<meta name=\"twitter:card\" content=\"summary_large_image\" \/>\n<meta name=\"twitter:label1\" content=\"Est. reading time\" \/>\n\t<meta name=\"twitter:data1\" content=\"3 minutes\" \/>\n<script type=\"application\/ld+json\" class=\"yoast-schema-graph\">{\"@context\":\"https:\/\/schema.org\",\"@graph\":[{\"@type\":\"WebPage\",\"@id\":\"https:\/\/tpm.nu\/en\/references\/\",\"url\":\"https:\/\/tpm.nu\/en\/references\/\",\"name\":\"References | TPM Industrim\u00e5lning AB\",\"isPartOf\":{\"@id\":\"https:\/\/tpm.nu\/#website\"},\"datePublished\":\"2021-09-16T11:19:22+00:00\",\"dateModified\":\"2021-09-28T12:53:39+00:00\",\"description\":\"Contact us to learn more about our past executed projects. Read about Ikea, \u00c5kersberga Centrum, Forum Nacka and Biltema amongst others.\",\"breadcrumb\":{\"@id\":\"https:\/\/tpm.nu\/en\/references\/#breadcrumb\"},\"inLanguage\":\"en-US\",\"potentialAction\":[{\"@type\":\"ReadAction\",\"target\":[\"https:\/\/tpm.nu\/en\/references\/\"]}]},{\"@type\":\"BreadcrumbList\",\"@id\":\"https:\/\/tpm.nu\/en\/references\/#breadcrumb\",\"itemListElement\":[{\"@type\":\"ListItem\",\"position\":1,\"name\":\"Home\",\"item\":\"https:\/\/tpm.nu\/en\/\"},{\"@type\":\"ListItem\",\"position\":2,\"name\":\"References\"}]},{\"@type\":\"WebSite\",\"@id\":\"https:\/\/tpm.nu\/#website\",\"url\":\"https:\/\/tpm.nu\/\",\"name\":\"TPM Industrim\u00e5lning AB\",\"description\":\"Din industripartner\",\"potentialAction\":[{\"@type\":\"SearchAction\",\"target\":{\"@type\":\"EntryPoint\",\"urlTemplate\":\"https:\/\/tpm.nu\/?s={search_term_string}\"},\"query-input\":\"required name=search_term_string\"}],\"inLanguage\":\"en-US\"}]}<\/script>\n<!-- \/ Yoast SEO plugin. -->","yoast_head_json":{"title":"References | TPM Industrim\u00e5lning AB","description":"Contact us to learn more about our past executed projects. Read about Ikea, \u00c5kersberga Centrum, Forum Nacka and Biltema amongst others.","robots":{"index":"index","follow":"follow","max-snippet":"max-snippet:-1","max-image-preview":"max-image-preview:large","max-video-preview":"max-video-preview:-1"},"canonical":"https:\/\/tpm.nu\/en\/references\/","og_locale":"en_US","og_type":"article","og_title":"References | TPM Industrim\u00e5lning AB","og_description":"Contact us to learn more about our past executed projects. Read about Ikea, \u00c5kersberga Centrum, Forum Nacka and Biltema amongst others.","og_url":"https:\/\/tpm.nu\/en\/references\/","og_site_name":"TPM Industrim\u00e5lning AB","article_modified_time":"2021-09-28T12:53:39+00:00","og_image":[{"url":"http:\/\/www.byggfolio.se\/Content\/images\/byggfolio.png"}],"twitter_card":"summary_large_image","twitter_misc":{"Est. reading time":"3 minutes"},"schema":{"@context":"https:\/\/schema.org","@graph":[{"@type":"WebPage","@id":"https:\/\/tpm.nu\/en\/references\/","url":"https:\/\/tpm.nu\/en\/references\/","name":"References | TPM Industrim\u00e5lning AB","isPartOf":{"@id":"https:\/\/tpm.nu\/#website"},"datePublished":"2021-09-16T11:19:22+00:00","dateModified":"2021-09-28T12:53:39+00:00","description":"Contact us to learn more about our past executed projects. Read about Ikea, \u00c5kersberga Centrum, Forum Nacka and Biltema amongst others.","breadcrumb":{"@id":"https:\/\/tpm.nu\/en\/references\/#breadcrumb"},"inLanguage":"en-US","potentialAction":[{"@type":"ReadAction","target":["https:\/\/tpm.nu\/en\/references\/"]}]},{"@type":"BreadcrumbList","@id":"https:\/\/tpm.nu\/en\/references\/#breadcrumb","itemListElement":[{"@type":"ListItem","position":1,"name":"Home","item":"https:\/\/tpm.nu\/en\/"},{"@type":"ListItem","position":2,"name":"References"}]},{"@type":"WebSite","@id":"https:\/\/tpm.nu\/#website","url":"https:\/\/tpm.nu\/","name":"TPM Industrim\u00e5lning AB","description":"Din industripartner","potentialAction":[{"@type":"SearchAction","target":{"@type":"EntryPoint","urlTemplate":"https:\/\/tpm.nu\/?s={search_term_string}"},"query-input":"required name=search_term_string"}],"inLanguage":"en-US"}]}},"_links":{"self":[{"href":"https:\/\/tpm.nu\/en\/wp-json\/wp\/v2\/pages\/26107"}],"collection":[{"href":"https:\/\/tpm.nu\/en\/wp-json\/wp\/v2\/pages"}],"about":[{"href":"https:\/\/tpm.nu\/en\/wp-json\/wp\/v2\/types\/page"}],"author":[{"embeddable":true,"href":"https:\/\/tpm.nu\/en\/wp-json\/wp\/v2\/users\/2"}],"replies":[{"embeddable":true,"href":"https:\/\/tpm.nu\/en\/wp-json\/wp\/v2\/comments?post=26107"}],"version-history":[{"count":6,"href":"https:\/\/tpm.nu\/en\/wp-json\/wp\/v2\/pages\/26107\/revisions"}],"predecessor-version":[{"id":26173,"href":"https:\/\/tpm.nu\/en\/wp-json\/wp\/v2\/pages\/26107\/revisions\/26173"}],"wp:attachment":[{"href":"https:\/\/tpm.nu\/en\/wp-json\/wp\/v2\/media?parent=26107"}],"curies":[{"name":"wp","href":"https:\/\/api.w.org\/{rel}","templated":true}]}}